{"id":4928,"date":"2022-06-21T12:02:21","date_gmt":"2022-06-21T12:02:21","guid":{"rendered":"https:\/\/praktikal.ee\/kontakt\/"},"modified":"2023-05-26T15:35:51","modified_gmt":"2023-05-26T13:35:51","slug":"contact","status":"publish","type":"page","link":"https:\/\/vana.praktikal.ee\/en\/contact\/","title":{"rendered":"Contact us"},"content":{"rendered":"\t\t<div data-elementor-type=\"wp-page\" data-elementor-id=\"4928\" class=\"elementor elementor-4928 elementor-1520\" data-elementor-post-type=\"page\">\n\t\t\t\t\t\t<section class=\"elementor-section elementor-top-section elementor-element elementor-element-ae8780b elementor-section-boxed elementor-section-height-default elementor-section-height-default\" data-id=\"ae8780b\" data-element_type=\"section\" data-e-type=\"section\">\n\t\t\t\t\t\t<div class=\"elementor-container elementor-column-gap-default\">\n\t\t\t\t\t<div class=\"elementor-column elementor-col-100 elementor-top-column elementor-element elementor-element-5101f3b\" data-id=\"5101f3b\" data-element_type=\"column\" data-e-type=\"column\">\n\t\t\t<div class=\"elementor-widget-wrap elementor-element-populated\">\n\t\t\t\t\t\t<div class=\"elementor-element elementor-element-567ca03 elementor-widget elementor-widget-heading\" data-id=\"567ca03\" data-element_type=\"widget\" data-e-type=\"widget\" data-widget_type=\"heading.default\">\n\t\t\t\t<div class=\"elementor-widget-container\">\n\t\t\t\t\t<h2 class=\"elementor-heading-title elementor-size-default\">Contact us<\/h2>\t\t\t\t<\/div>\n\t\t\t\t<\/div>\n\t\t\t\t\t<\/div>\n\t\t<\/div>\n\t\t\t\t\t<\/div>\n\t\t<\/section>\n\t\t\t\t<section class=\"elementor-section elementor-top-section elementor-element elementor-element-4cdeee0 elementor-section-boxed elementor-section-height-default elementor-section-height-default\" data-id=\"4cdeee0\" data-element_type=\"section\" data-e-type=\"section\">\n\t\t\t\t\t\t<div class=\"elementor-container elementor-column-gap-default\">\n\t\t\t\t\t<div class=\"elementor-column elementor-col-50 elementor-top-column elementor-element elementor-element-3c9878e\" data-id=\"3c9878e\" data-element_type=\"column\" data-e-type=\"column\" data-settings=\"{&quot;background_background&quot;:&quot;classic&quot;}\">\n\t\t\t<div class=\"elementor-widget-wrap elementor-element-populated\">\n\t\t\t\t\t\t<div class=\"elementor-element elementor-element-f9b896b elementor-widget elementor-widget-hubspot-form\" data-id=\"f9b896b\" data-element_type=\"widget\" data-e-type=\"widget\" data-widget_type=\"hubspot-form.default\">\n\t\t\t\t<div class=\"elementor-widget-container\">\n\t\t\t\t\t\n\t\t\t\t\t\t<script>\n\t\t\t\t\t\t\twindow.hsFormsOnReady = window.hsFormsOnReady || [];\n\t\t\t\t\t\t\twindow.hsFormsOnReady.push(()=>{\n\t\t\t\t\t\t\t\thbspt.forms.create({\n\t\t\t\t\t\t\t\t\tportalId: 25186333,\n\t\t\t\t\t\t\t\t\tformId: \"bae9646f-3e29-4dc1-a199-02bc25d4fad6\",\n\t\t\t\t\t\t\t\t\ttarget: \"#hbspt-form-1776349100000-7926354289\",\n\t\t\t\t\t\t\t\t\tregion: \"eu1\",\n\t\t\t\t\t\t\t\t\t\n\t\t\t\t\t\t\t})});\n\t\t\t\t\t\t<\/script>\n\t\t\t\t\t\t<div class=\"hbspt-form\" id=\"hbspt-form-1776349100000-7926354289\"><\/div>\t\t\t\t<\/div>\n\t\t\t\t<\/div>\n\t\t\t\t\t<\/div>\n\t\t<\/div>\n\t\t\t\t<div class=\"elementor-column elementor-col-50 elementor-top-column elementor-element elementor-element-9d78b1b\" data-id=\"9d78b1b\" data-element_type=\"column\" data-e-type=\"column\">\n\t\t\t<div class=\"elementor-widget-wrap elementor-element-populated\">\n\t\t\t\t\t\t<div class=\"elementor-element elementor-element-956b2eb elementor-widget elementor-widget-google_maps\" data-id=\"956b2eb\" data-element_type=\"widget\" data-e-type=\"widget\" data-widget_type=\"google_maps.default\">\n\t\t\t\t<div class=\"elementor-widget-container\">\n\t\t\t\t\t\t\t<div class=\"elementor-custom-embed\">\n\t\t\t<iframe loading=\"lazy\"\n\t\t\t\t\tsrc=\"https:\/\/maps.google.com\/maps?q=V%C3%B5ru%203a%2C%20Tartu&#038;t=m&#038;z=15&#038;output=embed&#038;iwloc=near\"\n\t\t\t\t\ttitle=\"V\u00f5ru 3a, Tartu\"\n\t\t\t\t\taria-label=\"V\u00f5ru 3a, Tartu\"\n\t\t\t><\/iframe>\n\t\t<\/div>\n\t\t\t\t\t\t<\/div>\n\t\t\t\t<\/div>\n\t\t\t\t\t<\/div>\n\t\t<\/div>\n\t\t\t\t\t<\/div>\n\t\t<\/section>\n\t\t\t\t<section class=\"elementor-section elementor-top-section elementor-element elementor-element-6dc0ba6 elementor-section-boxed elementor-section-height-default elementor-section-height-default\" data-id=\"6dc0ba6\" data-element_type=\"section\" data-e-type=\"section\">\n\t\t\t\t\t\t<div class=\"elementor-container elementor-column-gap-default\">\n\t\t\t\t\t<div class=\"elementor-column elementor-col-33 elementor-top-column elementor-element elementor-element-a50c7d0\" data-id=\"a50c7d0\" data-element_type=\"column\" data-e-type=\"column\">\n\t\t\t<div class=\"elementor-widget-wrap elementor-element-populated\">\n\t\t\t\t\t\t<div class=\"elementor-element elementor-element-35d54bf elementor-widget elementor-widget-text-editor\" data-id=\"35d54bf\" data-element_type=\"widget\" data-e-type=\"widget\" data-widget_type=\"text-editor.default\">\n\t\t\t\t<div class=\"elementor-widget-container\">\n\t\t\t\t\t\t\t\t\t<p><strong>Legal address:<\/strong> V\u00f5ru 3a, 50111, Tartu<\/p><p><strong>Production address:<\/strong> Sirbi 13, 50113, Tartu<\/p><p><strong>Registry code:<\/strong> 16229727<\/p><p><strong>VAT number:<\/strong> EE102398843<\/p><p><b>IBAN:\u00a0<\/b>EE927700771006250837<\/p>\t\t\t\t\t\t\t\t<\/div>\n\t\t\t\t<\/div>\n\t\t\t\t\t<\/div>\n\t\t<\/div>\n\t\t\t\t<div class=\"elementor-column elementor-col-33 elementor-top-column elementor-element elementor-element-1a06491\" data-id=\"1a06491\" data-element_type=\"column\" data-e-type=\"column\">\n\t\t\t<div class=\"elementor-widget-wrap elementor-element-populated\">\n\t\t\t\t\t\t<div class=\"elementor-element elementor-element-873b435 elementor-widget elementor-widget-text-editor\" data-id=\"873b435\" data-element_type=\"widget\" data-e-type=\"widget\" data-widget_type=\"text-editor.default\">\n\t\t\t\t<div class=\"elementor-widget-container\">\n\t\t\t\t\t\t\t\t\t<p>Or contact us at<\/p><p><strong>info@praktikal.ee<\/strong><\/p><p><span style=\"text-align: right;\">+372 5816 1508<\/span><\/p>\t\t\t\t\t\t\t\t<\/div>\n\t\t\t\t<\/div>\n\t\t\t\t\t<\/div>\n\t\t<\/div>\n\t\t\t\t<div class=\"elementor-column elementor-col-33 elementor-top-column elementor-element elementor-element-5b10f38\" data-id=\"5b10f38\" data-element_type=\"column\" data-e-type=\"column\">\n\t\t\t<div class=\"elementor-widget-wrap elementor-element-populated\">\n\t\t\t\t\t\t<div class=\"elementor-element elementor-element-ccab962 elementor-widget elementor-widget-text-editor\" data-id=\"ccab962\" data-element_type=\"widget\" data-e-type=\"widget\" data-widget_type=\"text-editor.default\">\n\t\t\t\t<div class=\"elementor-widget-container\">\n\t\t\t\t\t\t\t\t\t<p>production@praktikal.ee<\/p><p>marketing@praktikal.ee<\/p>\t\t\t\t\t\t\t\t<\/div>\n\t\t\t\t<\/div>\n\t\t\t\t\t<\/div>\n\t\t<\/div>\n\t\t\t\t\t<\/div>\n\t\t<\/section>\n\t\t<div class=\"elementor-element elementor-element-bd4af89 e-flex e-con-boxed e-con e-parent\" data-id=\"bd4af89\" data-element_type=\"container\" data-e-type=\"container\" data-settings=\"{&quot;background_background&quot;:&quot;classic&quot;}\">\n\t\t\t\t\t<div class=\"e-con-inner\">\n\t\t\t\t<div class=\"elementor-element elementor-element-827fe32 elementor-widget elementor-widget-template\" data-id=\"827fe32\" data-element_type=\"widget\" data-e-type=\"widget\" data-widget_type=\"template.default\">\n\t\t\t\t<div class=\"elementor-widget-container\">\n\t\t\t\t\t\t\t<div class=\"elementor-template\">\n\t\t\t\t\t<div data-elementor-type=\"container\" data-elementor-id=\"5940\" class=\"elementor elementor-5940 elementor-5839\" data-elementor-post-type=\"elementor_library\">\n\t\t\t\t<div class=\"elementor-element elementor-element-1edc1c80 e-flex e-con-boxed e-con e-parent\" data-id=\"1edc1c80\" data-element_type=\"container\" data-e-type=\"container\" data-settings=\"{&quot;background_background&quot;:&quot;classic&quot;}\">\n\t\t\t\t\t<div class=\"e-con-inner\">\n\t\t<div class=\"elementor-element elementor-element-65300103 e-con-full e-flex e-con e-parent\" data-id=\"65300103\" data-element_type=\"container\" data-e-type=\"container\">\n\t\t\t\t<div class=\"elementor-element elementor-element-6613c925 elementor-widget elementor-widget-theme-site-logo elementor-widget-image\" data-id=\"6613c925\" data-element_type=\"widget\" data-e-type=\"widget\" data-widget_type=\"theme-site-logo.default\">\n\t\t\t\t<div class=\"elementor-widget-container\">\n\t\t\t\t\t\t\t\t\t\t<div class=\"elementor-image\">\n\t\t\t\t\t\t\t\t<a href=\"https:\/\/vana.praktikal.ee\/en\/\">\n\t\t\t<img fetchpriority=\"high\" decoding=\"async\" width=\"1474\" height=\"200\" src=\"https:\/\/vana.praktikal.ee\/wp-content\/uploads\/2022\/04\/main-logo-turkiis.png\" class=\"attachment-full size-full wp-image-585\" alt=\"\" srcset=\"https:\/\/vana.praktikal.ee\/wp-content\/uploads\/2022\/04\/main-logo-turkiis.png 1474w, https:\/\/vana.praktikal.ee\/wp-content\/uploads\/2022\/04\/main-logo-turkiis-600x81.png 600w, https:\/\/vana.praktikal.ee\/wp-content\/uploads\/2022\/04\/main-logo-turkiis-960x130.png 960w, https:\/\/vana.praktikal.ee\/wp-content\/uploads\/2022\/04\/main-logo-turkiis-768x104.png 768w\" sizes=\"(max-width: 1474px) 100vw, 1474px\" \/>\t\t\t\t<\/a>\n\t\t\t\t\t\t\t\t\t\t<\/div>\n\t\t\t\t\t\t\t\t<\/div>\n\t\t\t\t<\/div>\n\t\t\t\t<div class=\"elementor-element elementor-element-453bf43 elementor-hidden-desktop elementor-hidden-tablet elementor-hidden-mobile elementor-widget elementor-widget-text-editor\" data-id=\"453bf43\" data-element_type=\"widget\" data-e-type=\"widget\" data-widget_type=\"text-editor.default\">\n\t\t\t\t<div class=\"elementor-widget-container\">\n\t\t\t\t\t\t\t\t\t<p><a href=\"https:\/\/praktikal.ee\/privaatsus\/\">Privaatsuspoliitika<\/a><\/p><p><a href=\"https:\/\/praktikal.ee\/tingimused\/\">Kasutustingimused<\/a><\/p>\t\t\t\t\t\t\t\t<\/div>\n\t\t\t\t<\/div>\n\t\t\t\t<\/div>\n\t\t<div class=\"elementor-element elementor-element-22391b7d e-con-full e-flex e-con e-parent\" data-id=\"22391b7d\" data-element_type=\"container\" data-e-type=\"container\">\n\t\t\t\t<div class=\"elementor-element elementor-element-72af0d33 elementor-shape-circle elementor-grid-0 e-grid-align-center elementor-widget elementor-widget-social-icons\" data-id=\"72af0d33\" data-element_type=\"widget\" data-e-type=\"widget\" data-widget_type=\"social-icons.default\">\n\t\t\t\t<div class=\"elementor-widget-container\">\n\t\t\t\t\t\t\t<div class=\"elementor-social-icons-wrapper elementor-grid\" role=\"list\">\n\t\t\t\t\t\t\t<span class=\"elementor-grid-item\" role=\"listitem\">\n\t\t\t\t\t<a class=\"elementor-icon elementor-social-icon elementor-social-icon-facebook elementor-repeater-item-2b6bb42\" href=\"https:\/\/www.facebook.com\/praktikaledu\" target=\"_blank\">\n\t\t\t\t\t\t<span class=\"elementor-screen-only\">Facebook<\/span>\n\t\t\t\t\t\t<i aria-hidden=\"true\" class=\"fab fa-facebook\"><\/i>\t\t\t\t\t<\/a>\n\t\t\t\t<\/span>\n\t\t\t\t\t\t\t<span class=\"elementor-grid-item\" role=\"listitem\">\n\t\t\t\t\t<a class=\"elementor-icon elementor-social-icon elementor-social-icon-linkedin elementor-repeater-item-db87e79\" href=\"https:\/\/www.linkedin.com\/company\/praktikaledu\/\" target=\"_blank\">\n\t\t\t\t\t\t<span class=\"elementor-screen-only\">Linkedin<\/span>\n\t\t\t\t\t\t<i aria-hidden=\"true\" class=\"fab fa-linkedin\"><\/i>\t\t\t\t\t<\/a>\n\t\t\t\t<\/span>\n\t\t\t\t\t\t\t<span class=\"elementor-grid-item\" role=\"listitem\">\n\t\t\t\t\t<a class=\"elementor-icon elementor-social-icon elementor-social-icon-instagram elementor-repeater-item-9b93630\" href=\"https:\/\/www.instagram.com\/praktikal_edu\/\" target=\"_blank\">\n\t\t\t\t\t\t<span class=\"elementor-screen-only\">Instagram<\/span>\n\t\t\t\t\t\t<i aria-hidden=\"true\" class=\"fab fa-instagram\"><\/i>\t\t\t\t\t<\/a>\n\t\t\t\t<\/span>\n\t\t\t\t\t<\/div>\n\t\t\t\t\t\t<\/div>\n\t\t\t\t<\/div>\n\t\t\t\t<\/div>\n\t\t<div class=\"elementor-element elementor-element-4f75b8e5 e-con-full elementor-hidden-desktop elementor-hidden-tablet elementor-hidden-mobile e-flex e-con e-parent\" data-id=\"4f75b8e5\" data-element_type=\"container\" data-e-type=\"container\">\n\t\t\t\t<div class=\"elementor-element elementor-element-5e076eae elementor-widget elementor-widget-text-editor\" data-id=\"5e076eae\" data-element_type=\"widget\" data-e-type=\"widget\" data-widget_type=\"text-editor.default\">\n\t\t\t\t<div class=\"elementor-widget-container\">\n\t\t\t\t\t\t\t\t\t<p><a href=\"https:\/\/praktikal.ee\/koolile\/\">Koolile<\/a><\/p><p><a href=\"https:\/\/praktikal.ee\/varamu\">Varamu<\/a><\/p><p><a href=\"https:\/\/praktikal.ee\/koolitused\/\">Koolitused<\/a><\/p><p><a href=\"https:\/\/praktikal.ee\/tule-toole\/\">Tule t\u00f6\u00f6le<\/a><\/p>\t\t\t\t\t\t\t\t<\/div>\n\t\t\t\t<\/div>\n\t\t\t\t<\/div>\n\t\t<div class=\"elementor-element elementor-element-e3f56c0 e-con-full e-flex e-con e-parent\" data-id=\"e3f56c0\" data-element_type=\"container\" data-e-type=\"container\">\n\t\t\t\t<div class=\"elementor-element elementor-element-273e601a elementor-widget elementor-widget-text-editor\" data-id=\"273e601a\" data-element_type=\"widget\" data-e-type=\"widget\" data-widget_type=\"text-editor.default\">\n\t\t\t\t<div class=\"elementor-widget-container\">\n\t\t\t\t\t\t\t\t\t<p><b>Praktikal Education<\/b> <strong>O\u00dc<\/strong><\/p><p>+372 5816 1508<\/p><p>info@praktikal.ee<\/p>\t\t\t\t\t\t\t\t<\/div>\n\t\t\t\t<\/div>\n\t\t\t\t<\/div>\n\t\t<div class=\"elementor-element elementor-element-5170477b e-con-full e-flex e-con e-parent\" data-id=\"5170477b\" data-element_type=\"container\" data-e-type=\"container\">\n\t\t\t\t<div class=\"elementor-element elementor-element-1f66bd0c elementor-view-stacked elementor-hidden-mobile elementor-shape-circle elementor-widget elementor-widget-icon\" data-id=\"1f66bd0c\" data-element_type=\"widget\" data-e-type=\"widget\" id=\"scroll-to-top\" data-settings=\"{&quot;sticky_effects_offset&quot;:624,&quot;sticky&quot;:&quot;bottom&quot;,&quot;sticky_on&quot;:[&quot;desktop&quot;,&quot;tablet&quot;,&quot;mobile&quot;],&quot;sticky_offset&quot;:0}\" data-widget_type=\"icon.default\">\n\t\t\t\t<div class=\"elementor-widget-container\">\n\t\t\t\t\t\t\t<div class=\"elementor-icon-wrapper\">\n\t\t\t<a class=\"elementor-icon\" href=\"#top\">\n\t\t\t<i aria-hidden=\"true\" class=\"fas fa-arrow-up\"><\/i>\t\t\t<\/a>\n\t\t<\/div>\n\t\t\t\t\t\t<\/div>\n\t\t\t\t<\/div>\n\t\t\t\t<\/div>\n\t\t\t\t\t<\/div>\n\t\t\t\t<\/div>\n\t\t\t\t<\/div>\n\t\t\t\t<\/div>\n\t\t\t\t\t\t<\/div>\n\t\t\t\t<\/div>\n\t\t\t\t\t<\/div>\n\t\t\t\t<\/div>\n\t\t\t\t<\/div>\n\t\t","protected":false},"excerpt":{"rendered":"<p>Contact us Legal address: V\u00f5ru 3a, 50111, Tartu Production address: Sirbi 13, 50113, Tartu Registry code: 16229727 VAT number: EE102398843 IBAN:\u00a0EE927700771006250837 Or contact us at info@praktikal.ee +372 5816 1508 production@praktikal.ee marketing@praktikal.ee<\/p>\n","protected":false},"author":5,"featured_media":0,"parent":0,"menu_order":0,"comment_status":"closed","ping_status":"closed","template":"elementor_header_footer","meta":{"content-type":"","footnotes":""},"class_list":["post-4928","page","type-page","status-publish","hentry"],"yoast_head":"<!-- This site is optimized with the Yoast SEO Premium plugin v20.3 (Yoast SEO v27.2) - https:\/\/yoast.com\/product\/yoast-seo-premium-wordpress\/ -->\n<title>Contact us | Praktikal<\/title>\n<meta name=\"description\" content=\"Praktikal on loodusainete \u00f5petamise \u00f6kos\u00fcsteem. V\u00f5ta meiega \u00fchendust! info@praktikal.ee, +372 5816 1508\" \/>\n<meta name=\"robots\" content=\"noindex, follow, max-snippet:-1, max-image-preview:large, max-video-preview:-1\" \/>\n<meta property=\"og:locale\" content=\"en_US\" \/>\n<meta property=\"og:type\" content=\"article\" \/>\n<meta property=\"og:title\" content=\"Contact us\" \/>\n<meta property=\"og:description\" content=\"Praktikal on loodusainete \u00f5petamise \u00f6kos\u00fcsteem. V\u00f5ta meiega \u00fchendust! info@praktikal.ee, +372 5816 1508\" \/>\n<meta property=\"og:url\" content=\"https:\/\/vana.praktikal.ee\/en\/contact\/\" \/>\n<meta property=\"og:site_name\" content=\"Praktikal\" \/>\n<meta property=\"article:publisher\" content=\"https:\/\/www.facebook.com\/praktikaledu\" \/>\n<meta property=\"article:modified_time\" content=\"2023-05-26T13:35:51+00:00\" \/>\n<meta property=\"og:image\" content=\"https:\/\/vana.praktikal.ee\/wp-content\/uploads\/2022\/03\/praktikal-webshare.png\" \/>\n\t<meta property=\"og:image:width\" content=\"1920\" \/>\n\t<meta property=\"og:image:height\" content=\"1080\" \/>\n\t<meta property=\"og:image:type\" content=\"image\/png\" \/>\n<meta name=\"twitter:card\" content=\"summary_large_image\" \/>\n<meta name=\"twitter:label1\" content=\"Est. reading time\" \/>\n\t<meta name=\"twitter:data1\" content=\"2 minutes\" \/>\n<script type=\"application\/ld+json\" class=\"yoast-schema-graph\">{\"@context\":\"https:\/\/schema.org\",\"@graph\":[{\"@type\":\"WebPage\",\"@id\":\"https:\/\/vana.praktikal.ee\/en\/contact\/\",\"url\":\"https:\/\/vana.praktikal.ee\/en\/contact\/\",\"name\":\"Contact us | Praktikal\",\"isPartOf\":{\"@id\":\"https:\/\/vana.praktikal.ee\/en\/#website\"},\"datePublished\":\"2022-06-21T12:02:21+00:00\",\"dateModified\":\"2023-05-26T13:35:51+00:00\",\"description\":\"Praktikal on loodusainete \u00f5petamise \u00f6kos\u00fcsteem. V\u00f5ta meiega \u00fchendust! info@praktikal.ee, +372 5816 1508\",\"breadcrumb\":{\"@id\":\"https:\/\/vana.praktikal.ee\/en\/contact\/#breadcrumb\"},\"inLanguage\":\"en-US\",\"potentialAction\":[{\"@type\":\"ReadAction\",\"target\":[\"https:\/\/vana.praktikal.ee\/en\/contact\/\"]}]},{\"@type\":\"BreadcrumbList\",\"@id\":\"https:\/\/vana.praktikal.ee\/en\/contact\/#breadcrumb\",\"itemListElement\":[{\"@type\":\"ListItem\",\"position\":1,\"name\":\"Home\",\"item\":\"https:\/\/vana.praktikal.ee\/en\/\"},{\"@type\":\"ListItem\",\"position\":2,\"name\":\"Contact us\"}]},{\"@type\":\"WebSite\",\"@id\":\"https:\/\/vana.praktikal.ee\/en\/#website\",\"url\":\"https:\/\/vana.praktikal.ee\/en\/\",\"name\":\"Praktikal\",\"description\":\"Loodusainete \u00f5petamise \u00f6kos\u00fcsteem\",\"publisher\":{\"@id\":\"https:\/\/vana.praktikal.ee\/en\/#organization\"},\"potentialAction\":[{\"@type\":\"SearchAction\",\"target\":{\"@type\":\"EntryPoint\",\"urlTemplate\":\"https:\/\/vana.praktikal.ee\/en\/?s={search_term_string}\"},\"query-input\":{\"@type\":\"PropertyValueSpecification\",\"valueRequired\":true,\"valueName\":\"search_term_string\"}}],\"inLanguage\":\"en-US\"},{\"@type\":\"Organization\",\"@id\":\"https:\/\/vana.praktikal.ee\/en\/#organization\",\"name\":\"Praktikal Education\",\"url\":\"https:\/\/vana.praktikal.ee\/en\/\",\"logo\":{\"@type\":\"ImageObject\",\"inLanguage\":\"en-US\",\"@id\":\"https:\/\/vana.praktikal.ee\/en\/#\/schema\/logo\/image\/\",\"url\":\"https:\/\/praktikal.ee\/wp-content\/uploads\/2022\/03\/Copy-of-Praktikal-logo-black.png\",\"contentUrl\":\"https:\/\/praktikal.ee\/wp-content\/uploads\/2022\/03\/Copy-of-Praktikal-logo-black.png\",\"width\":1048,\"height\":191,\"caption\":\"Praktikal Education\"},\"image\":{\"@id\":\"https:\/\/vana.praktikal.ee\/en\/#\/schema\/logo\/image\/\"},\"sameAs\":[\"https:\/\/www.facebook.com\/praktikaledu\",\"https:\/\/www.instagram.com\/praktikal_edu\/\",\"https:\/\/www.linkedin.com\/company\/74497960\",\"https:\/\/www.youtube.com\/channel\/UC3mY-nLsNS_i0iQXI09kE2Q\"]}]}<\/script>\n<!-- \/ Yoast SEO Premium plugin. -->","yoast_head_json":{"title":"Contact us | Praktikal","description":"Praktikal on loodusainete \u00f5petamise \u00f6kos\u00fcsteem. V\u00f5ta meiega \u00fchendust! info@praktikal.ee, +372 5816 1508","robots":{"index":"noindex","follow":"follow","max-snippet":"max-snippet:-1","max-image-preview":"max-image-preview:large","max-video-preview":"max-video-preview:-1"},"og_locale":"en_US","og_type":"article","og_title":"Contact us","og_description":"Praktikal on loodusainete \u00f5petamise \u00f6kos\u00fcsteem. V\u00f5ta meiega \u00fchendust! info@praktikal.ee, +372 5816 1508","og_url":"https:\/\/vana.praktikal.ee\/en\/contact\/","og_site_name":"Praktikal","article_publisher":"https:\/\/www.facebook.com\/praktikaledu","article_modified_time":"2023-05-26T13:35:51+00:00","og_image":[{"width":1920,"height":1080,"url":"https:\/\/vana.praktikal.ee\/wp-content\/uploads\/2022\/03\/praktikal-webshare.png","type":"image\/png"}],"twitter_card":"summary_large_image","twitter_misc":{"Est. reading time":"2 minutes"},"schema":{"@context":"https:\/\/schema.org","@graph":[{"@type":"WebPage","@id":"https:\/\/vana.praktikal.ee\/en\/contact\/","url":"https:\/\/vana.praktikal.ee\/en\/contact\/","name":"Contact us | Praktikal","isPartOf":{"@id":"https:\/\/vana.praktikal.ee\/en\/#website"},"datePublished":"2022-06-21T12:02:21+00:00","dateModified":"2023-05-26T13:35:51+00:00","description":"Praktikal on loodusainete \u00f5petamise \u00f6kos\u00fcsteem. V\u00f5ta meiega \u00fchendust! info@praktikal.ee, +372 5816 1508","breadcrumb":{"@id":"https:\/\/vana.praktikal.ee\/en\/contact\/#breadcrumb"},"inLanguage":"en-US","potentialAction":[{"@type":"ReadAction","target":["https:\/\/vana.praktikal.ee\/en\/contact\/"]}]},{"@type":"BreadcrumbList","@id":"https:\/\/vana.praktikal.ee\/en\/contact\/#breadcrumb","itemListElement":[{"@type":"ListItem","position":1,"name":"Home","item":"https:\/\/vana.praktikal.ee\/en\/"},{"@type":"ListItem","position":2,"name":"Contact us"}]},{"@type":"WebSite","@id":"https:\/\/vana.praktikal.ee\/en\/#website","url":"https:\/\/vana.praktikal.ee\/en\/","name":"Praktikal","description":"Loodusainete \u00f5petamise \u00f6kos\u00fcsteem","publisher":{"@id":"https:\/\/vana.praktikal.ee\/en\/#organization"},"potentialAction":[{"@type":"SearchAction","target":{"@type":"EntryPoint","urlTemplate":"https:\/\/vana.praktikal.ee\/en\/?s={search_term_string}"},"query-input":{"@type":"PropertyValueSpecification","valueRequired":true,"valueName":"search_term_string"}}],"inLanguage":"en-US"},{"@type":"Organization","@id":"https:\/\/vana.praktikal.ee\/en\/#organization","name":"Praktikal Education","url":"https:\/\/vana.praktikal.ee\/en\/","logo":{"@type":"ImageObject","inLanguage":"en-US","@id":"https:\/\/vana.praktikal.ee\/en\/#\/schema\/logo\/image\/","url":"https:\/\/praktikal.ee\/wp-content\/uploads\/2022\/03\/Copy-of-Praktikal-logo-black.png","contentUrl":"https:\/\/praktikal.ee\/wp-content\/uploads\/2022\/03\/Copy-of-Praktikal-logo-black.png","width":1048,"height":191,"caption":"Praktikal Education"},"image":{"@id":"https:\/\/vana.praktikal.ee\/en\/#\/schema\/logo\/image\/"},"sameAs":["https:\/\/www.facebook.com\/praktikaledu","https:\/\/www.instagram.com\/praktikal_edu\/","https:\/\/www.linkedin.com\/company\/74497960","https:\/\/www.youtube.com\/channel\/UC3mY-nLsNS_i0iQXI09kE2Q"]}]}},"_links":{"self":[{"href":"https:\/\/vana.praktikal.ee\/en\/wp-json\/wp\/v2\/pages\/4928","targetHints":{"allow":["GET"]}}],"collection":[{"href":"https:\/\/vana.praktikal.ee\/en\/wp-json\/wp\/v2\/pages"}],"about":[{"href":"https:\/\/vana.praktikal.ee\/en\/wp-json\/wp\/v2\/types\/page"}],"author":[{"embeddable":true,"href":"https:\/\/vana.praktikal.ee\/en\/wp-json\/wp\/v2\/users\/5"}],"replies":[{"embeddable":true,"href":"https:\/\/vana.praktikal.ee\/en\/wp-json\/wp\/v2\/comments?post=4928"}],"version-history":[{"count":30,"href":"https:\/\/vana.praktikal.ee\/en\/wp-json\/wp\/v2\/pages\/4928\/revisions"}],"predecessor-version":[{"id":6447,"href":"https:\/\/vana.praktikal.ee\/en\/wp-json\/wp\/v2\/pages\/4928\/revisions\/6447"}],"wp:attachment":[{"href":"https:\/\/vana.praktikal.ee\/en\/wp-json\/wp\/v2\/media?parent=4928"}],"curies":[{"name":"wp","href":"https:\/\/api.w.org\/{rel}","templated":true}]}}